{"id":908,"date":"2025-07-09T14:40:17","date_gmt":"2025-07-09T14:40:17","guid":{"rendered":"https:\/\/chilema.me\/?page_id=908"},"modified":"2025-07-25T07:33:07","modified_gmt":"2025-07-25T07:33:07","slug":"pice","status":"publish","type":"page","link":"https:\/\/chilema.me\/eng\/pice\/","title":{"rendered":"Drinks"},"content":{"rendered":"<div data-elementor-type=\"wp-page\" data-elementor-id=\"908\" class=\"elementor elementor-908\">\n\t\t\t\t<div class=\"elementor-element elementor-element-d04405e e-flex e-con-boxed e-con e-parent\" data-id=\"d04405e\" data-element_type=\"container\" data-e-type=\"container\" data-settings=\"{&quot;background_background&quot;:&quot;classic&quot;}\">\n\t\t\t\t\t<div class=\"e-con-inner\">\n\t\t\t\t<div class=\"elementor-element elementor-element-f153923 elementor-widget__width-initial elementor-widget-mobile__width-initial elementor-widget elementor-widget-image\" data-id=\"f153923\" data-element_type=\"widget\" data-e-type=\"widget\" data-widget_type=\"image.default\">\n\t\t\t\t\t\t\t\t\t\t\t\t\t\t\t\t<a href=\"https:\/\/chilema.me\/index.php\/kuhinja\/\">\n\t\t\t\t\t\t\t<img decoding=\"async\" src=\"https:\/\/chilema.me\/wp-content\/uploads\/2025\/07\/CHI_LE_MA-removebg-preview.png\" title=\"CHI_LE_MA-removebg-preview\" alt=\"CHI_LE_MA-removebg-preview\" loading=\"lazy\" \/>\t\t\t\t\t\t\t\t<\/a>\n\t\t\t\t\t\t\t\t\t\t\t\t\t\t\t<\/div>\n\t\t\t\t<div class=\"elementor-element elementor-element-d830c0e elementor-widget elementor-widget-heading\" data-id=\"d830c0e\" data-element_type=\"widget\" data-e-type=\"widget\" data-widget_type=\"heading.default\">\n\t\t\t\t\t<h2 class=\"elementor-heading-title elementor-size-default\">DRINKS<\/h2>\t\t\t\t<\/div>\n\t\t<div class=\"elementor-element elementor-element-20bf959 e-con-full e-flex e-con e-child\" data-id=\"20bf959\" data-element_type=\"container\" data-e-type=\"container\">\n\t\t\t\t<div class=\"elementor-element elementor-element-59344a2 elementor-widget__width-initial elementor-widget elementor-widget-image\" data-id=\"59344a2\" data-element_type=\"widget\" data-e-type=\"widget\" data-widget_type=\"image.default\">\n\t\t\t\t\t\t\t\t\t\t\t\t\t\t\t\t<a href=\"https:\/\/chilema.me\/eng\/dorucak\/\">\n\t\t\t\t\t\t\t<img fetchpriority=\"high\" decoding=\"async\" width=\"1024\" height=\"682\" src=\"https:\/\/chilema.me\/wp-content\/uploads\/2025\/07\/162328-1024x682.png\" class=\"attachment-large size-large wp-image-416\" alt=\"japan, flag, national flag, nation, country, ensign, symbol, national ensign, state, national state, nationality, sign, japan, japan, japan, japan, japan\" srcset=\"https:\/\/chilema.me\/wp-content\/uploads\/2025\/07\/162328-1024x682.png 1024w, https:\/\/chilema.me\/wp-content\/uploads\/2025\/07\/162328-300x200.png 300w, https:\/\/chilema.me\/wp-content\/uploads\/2025\/07\/162328-768x512.png 768w, https:\/\/chilema.me\/wp-content\/uploads\/2025\/07\/162328.png 1280w\" sizes=\"(max-width: 1024px) 100vw, 1024px\" \/>\t\t\t\t\t\t\t\t<\/a>\n\t\t\t\t\t\t\t\t\t\t\t\t\t\t\t<\/div>\n\t\t\t\t<div class=\"elementor-element elementor-element-a16bd16 elementor-widget__width-initial elementor-widget-mobile__width-initial elementor-widget elementor-widget-image\" data-id=\"a16bd16\" data-element_type=\"widget\" data-e-type=\"widget\" data-widget_type=\"image.default\">\n\t\t\t\t\t\t\t\t\t\t\t\t\t\t\t\t<a href=\"https:\/\/chilema.me\/eng\/supe-i-corbe\/\">\n\t\t\t\t\t\t\t<img decoding=\"async\" width=\"1024\" height=\"682\" src=\"https:\/\/chilema.me\/wp-content\/uploads\/2025\/07\/2306580-1024x682.png\" class=\"attachment-large size-large wp-image-1470\" alt=\"china, five star, flag, china, china, china, china, china\" srcset=\"https:\/\/chilema.me\/wp-content\/uploads\/2025\/07\/2306580-1024x682.png 1024w, https:\/\/chilema.me\/wp-content\/uploads\/2025\/07\/2306580-300x200.png 300w, https:\/\/chilema.me\/wp-content\/uploads\/2025\/07\/2306580-768x512.png 768w, https:\/\/chilema.me\/wp-content\/uploads\/2025\/07\/2306580.png 1280w\" sizes=\"(max-width: 1024px) 100vw, 1024px\" \/>\t\t\t\t\t\t\t\t<\/a>\n\t\t\t\t\t\t\t\t\t\t\t\t\t\t\t<\/div>\n\t\t\t\t<\/div>\n\t\t\t\t\t<\/div>\n\t\t\t\t<\/div>\n\t\t<div class=\"elementor-element elementor-element-7fcbe27 e-flex e-con-boxed e-con e-parent\" data-id=\"7fcbe27\" data-element_type=\"container\" data-e-type=\"container\">\n\t\t\t\t\t<div class=\"e-con-inner\">\n\t\t\t\t<div class=\"elementor-element elementor-element-d0dd9b9 elementor-widget elementor-widget-text-editor\" data-id=\"d0dd9b9\" data-element_type=\"widget\" data-e-type=\"widget\" data-widget_type=\"text-editor.default\">\n\t\t\t\t\t\t\t\t\t<p><strong>KAFA<\/strong><\/p><p>Espresso [0,05l] 1,60 \u20ac<br \/>Espresso mlijeko [0,05l] 1,70 \u20ac<br \/>Cappuccino [0,15l] 1,80 \u20ac<br \/>Caffe latte [0,15l] 2,20 \u20ac<br \/>Doj\u010d [0,15l] 1,80 \u20ac<br \/>Nes caffe [0,2l] 2,20 \u20ac<\/p><p><strong>\u010cAJEVI<\/strong><\/p><p>\u010caj [0,3l] 2,50 \u20ac<\/p><p><strong>BEZALKOHOLNI NAPICI<\/strong><\/p><p>Coca-cola, Cola Zero, Fanta, Sprite,<br \/>Bitter lemon, Tonic water [0,33l] 2,50 \u20ac<br \/>Tonic Thomas Henry [0,2l] 3,50 \u20ac<br \/>Orangina [0,25l] 3,20 \u20ac<br \/>Cockta [0,25l] 2,50 \u20ac<br \/>Cedevita \/ limun, pomorand\u017ea, limeta \/ 2,00 \u20ac<\/p><p><strong>SOKOVI<\/strong><\/p><p>Breskva [0,2l] 2,50 \u20ac<br \/>Jabuka [0,2l] 2,50 \u20ac<br \/>Jagoda [0,2l] 2,50 \u20ac<br \/>Pomorand\u017ea [0,2l] 2,50 \u20ac<\/p><p><strong>VODE<\/strong><\/p><p>Rada [0,25l] 1,50 \u20ac<br \/>Rada [0,7l] 3,80 \u20ac<br \/>Suza [0,25l] 1,50 \u20ac<br \/>Suza [0,7l] 3,80 \u20ac<\/p><p><strong>ENERGETSKA PI\u0106A<\/strong><\/p><p>Red-bull [0,25l] 3,50 \u20ac<\/p><p><strong>PRIRODNI SOKOVI<\/strong><\/p><p>Pomorand\u017ea [0,3l] 3,20 \u20ac<br \/>Grejp [0,3l] 3,50 \u20ac<br \/>Limunada [0,3l] 2,70 \u20ac<\/p><p><strong>ALKOHOLNI NAPICI<\/strong><br \/><strong>RAKIJE<\/strong><\/p><p>Loza-Institut [0,03l] 2,00 \u20ac<br \/>Zari\u0107 \u0160ljiva [0,03l] 3,50 \u20ac<br \/>Zari\u0107 Dunja [0,03l] 4,00 \u20ac<br \/>Zari\u0107 Kru\u0161ka [0,03l] 3,50 \u20ac<br \/>Zari\u0107 Vi\u0161nja [0,03l] 4,50 \u20ac<\/p><p><strong>GORKI LIKERI<\/strong><\/p><p>Jagermeister [0,03l] 2,50 \u20ac<br \/>Gorki list [0,03l] 2,20 \u20ac<br \/>Aperol [0,04l] 3,00 \u20ac<br \/>Amaro Montenegro [0,03l] 2,60 \u20ac<\/p><p><strong>VERMOUTH<\/strong><\/p><p>Martini bianco [0,05l] 2,50 \u20ac<br \/>Martini rosso [0,05l] 2,50 \u20ac<\/p><p><strong>VODKA<\/strong><\/p><p>Finlandia [0,03l] 2,70 \u20ac<br \/>Grey goose [0,03l] 5,50 \u20ac<\/p><p><strong>TEQUILA<\/strong><\/p><p>Olmeca bianco [0,03l] 2,70 \u20ac<br \/>Olmeca gold [0,03l] 3,00 \u20ac<\/p><p><strong>RUM<\/strong><\/p><p>Zacapa [0,03l] 9,00 \u20ac<br \/>Santiago de Cuba [0,03l] 3,00 \u20ac<\/p><p><strong>D\u017dIN<\/strong><\/p><p>Gordons [0,03l] 3,50 \u20ac<br \/>Brockmans Gin [0,03l] 4,50 \u20ac<br \/>Monkey 47 [0,03l] 7,00 \u20ac<\/p><p><strong>WHISKEY &amp; BOURBON<\/strong><\/p><p>Ballantines [0,03l] 2,60 \u20ac<br \/>Ballantines 12 [0,03l] 3,80 \u20ac<br \/>Chivas regal 12 [0,03l] 3,80 \u20ac<br \/>Chivas regal 18 [0,03l] 9,00 \u20ac<br \/>Johnie Walker Red [0,03l] 2,60 \u20ac<br \/>Johnie Walker Black [0,03l] 4,50 \u20ac<br \/>Jameson [0,03l] 3,00 \u20ac<br \/>Kamiki [0,03l] 14,00 \u20ac<br \/>Kura the Whiskey [0,03l] 16,00 \u20ac<br \/>Jameson Black [0,03l] 4,00 \u20ac<br \/>Jack Daniels [0,03l] 3,50 \u20ac<br \/>Jack Daniels Single Barrel [0,03l] 5,50 \u20ac<br \/>Maker\u2019s Mark [0,03l]5,50 \u20ac<\/p><p><strong>COGNAC<\/strong><\/p><p>Martel VS [0,03l] 4,50 \u20ac<br \/>Hennessy VS [0,03l] 5,50 \u20ac<br \/>Courvasier [0,03l] 6,50 \u20ac<\/p><p><strong>PIVA<\/strong><\/p><p>Nik\u0161i\u0107ko to\u010deno [0,33l] 2,50 \u20ac<br \/>Nik\u0161i\u0107ko tamno [0,33l] 3,30 \u20ac<br \/>Bavaria [0,25l] 3,00 \u20ac<br \/>Stella Artois [0,33l] 3,50 \u20ac<br \/>Heineken [0,25l] 3,00 \u20ac<br \/>Kirin [0,33l] 5,50 \u20ac<br \/>Asahi [0,33l] 6,00\u20ac<\/p><p><strong>KOKTELI<\/strong><\/p><p>Aperol spritz [0,3l] 5,50 \u20ac<br \/>Monin Mojito [0,3l] 6,00 \u20ac<br \/>Monin Margarita [0,3l] 7,50 \u20ac<\/p><p><strong>VINA<\/strong><\/p><p>Aleksandrija Rizling [0,187l] 4,50 \u20ac<br \/>Aleksandrija Crveno [0,187l] 5,00 \u20ac<br \/>Kutjevo Gra\u0161evina [0,187l] 5,50 \u20ac<br \/>Aleksandrija Roze [0,187l] 5,00 \u20ac<br \/>Vranac Pro Corde [0,187l] 5,50 \u20ac<br \/>Bottega Prosecco [0,150ml] 14,00 \u20ac<\/p><p><strong>VINA NA \u010cA\u0160U<\/strong><br \/><strong>BIJELA<\/strong><\/p><p>Pinot Grigio Cezari [0,150ml] 5,00 \u20ac<br \/>Ch Mola [0,150ml] 5,00 \u20ac<br \/>Arhonto Krgovi\u0107 Chardonnay [0,150ml] 6,00 \u20ac<br \/>Kamnik Sauvignon Blanc [0,150ml] 6,00 \u20ac<br \/>Terzolo Malvazija [0,150ml] 8,00 \u20ac<br \/>Damjani\u0107 Mu\u0161kat \u017duti [0,150ml] 8,00 \u20ac<\/p><p><strong>CRVENA<\/strong><\/p><p>Vladika [0,150ml] 6,50 \u20ac<br \/>Silk &amp; Spice [0,150ml] 6,00 \u20ac<br \/>Kamnik Montepulciano [0,150ml] 6,00 \u20ac<\/p>\t\t\t\t\t\t\t\t<\/div>\n\t\t\t\t\t<\/div>\n\t\t\t\t<\/div>\n\t\t\t\t<\/div>","protected":false},"excerpt":{"rendered":"<p>PI\u0106E KAFA Espresso [0,05l] 1,60 \u20acEspresso mlijeko [0,05l] 1,70 \u20acCappuccino [0,15l] 1,80 \u20acCaffe latte [0,15l] 2,20 \u20acDoj\u010d [0,15l] 1,80 \u20acNes [&hellip;]<\/p>","protected":false},"author":1,"featured_media":0,"parent":0,"menu_order":0,"comment_status":"closed","ping_status":"closed","template":"","meta":{"site-sidebar-layout":"no-sidebar","site-content-layout":"","ast-site-content-layout":"full-width-container","site-content-style":"default","site-sidebar-style":"default","ast-global-header-display":"","ast-banner-title-visibility":"","ast-main-header-display":"","ast-hfb-above-header-display":"","ast-hfb-below-header-display":"","ast-hfb-mobile-header-display":"","site-post-title":"disabled","ast-breadcrumbs-content":"","ast-featured-img":"disabled","footer-sml-layout":"","ast-disable-related-posts":"","theme-transparent-header-meta":"","adv-header-id-meta":"","stick-header-meta":"","header-above-stick-meta":"","header-main-stick-meta":"","header-below-stick-meta":"","astra-migrate-meta-layouts":"default","ast-page-background-enabled":"default","ast-page-background-meta":{"desktop":{"background-color":"var(--ast-global-color-5)","background-image":"","background-repeat":"repeat","background-position":"center center","background-size":"auto","background-attachment":"scroll","background-type":"","background-media":"","overlay-type":"","overlay-color":"","overlay-opacity":"","overlay-gradient":""},"tablet":{"background-color":"","background-image":"","background-repeat":"repeat","background-position":"center center","background-size":"auto","background-attachment":"scroll","background-type":"","background-media":"","overlay-type":"","overlay-color":"","overlay-opacity":"","overlay-gradient":""},"mobile":{"background-color":"","background-image":"","background-repeat":"repeat","background-position":"center center","background-size":"auto","background-attachment":"scroll","background-type":"","background-media":"","overlay-type":"","overlay-color":"","overlay-opacity":"","overlay-gradient":""}},"ast-content-background-meta":{"desktop":{"background-color":"var(--ast-global-color-4)","background-image":"","background-repeat":"repeat","background-position":"center center","background-size":"auto","background-attachment":"scroll","background-type":"","background-media":"","overlay-type":"","overlay-color":"","overlay-opacity":"","overlay-gradient":""},"tablet":{"background-color":"var(--ast-global-color-4)","background-image":"","background-repeat":"repeat","background-position":"center center","background-size":"auto","background-attachment":"scroll","background-type":"","background-media":"","overlay-type":"","overlay-color":"","overlay-opacity":"","overlay-gradient":""},"mobile":{"background-color":"var(--ast-global-color-4)","background-image":"","background-repeat":"repeat","background-position":"center center","background-size":"auto","background-attachment":"scroll","background-type":"","background-media":"","overlay-type":"","overlay-color":"","overlay-opacity":"","overlay-gradient":""}},"footnotes":""},"class_list":["post-908","page","type-page","status-publish","hentry"],"_links":{"self":[{"href":"https:\/\/chilema.me\/eng\/wp-json\/wp\/v2\/pages\/908","targetHints":{"allow":["GET"]}}],"collection":[{"href":"https:\/\/chilema.me\/eng\/wp-json\/wp\/v2\/pages"}],"about":[{"href":"https:\/\/chilema.me\/eng\/wp-json\/wp\/v2\/types\/page"}],"author":[{"embeddable":true,"href":"https:\/\/chilema.me\/eng\/wp-json\/wp\/v2\/users\/1"}],"replies":[{"embeddable":true,"href":"https:\/\/chilema.me\/eng\/wp-json\/wp\/v2\/comments?post=908"}],"version-history":[{"count":34,"href":"https:\/\/chilema.me\/eng\/wp-json\/wp\/v2\/pages\/908\/revisions"}],"predecessor-version":[{"id":2562,"href":"https:\/\/chilema.me\/eng\/wp-json\/wp\/v2\/pages\/908\/revisions\/2562"}],"wp:attachment":[{"href":"https:\/\/chilema.me\/eng\/wp-json\/wp\/v2\/media?parent=908"}],"curies":[{"name":"wp","href":"https:\/\/api.w.org\/{rel}","templated":true}]}}